{"id":52,"date":"2017-01-16T16:47:05","date_gmt":"2017-01-16T15:47:05","guid":{"rendered":"http:\/\/www.studiozamboni.net\/?page_id=52"},"modified":"2018-03-06T19:39:23","modified_gmt":"2018-03-06T18:39:23","slug":"tenuta-contabilita","status":"publish","type":"page","link":"https:\/\/www.studiozamboni.net\/index.php\/homepage\/servizi\/servizi-professionali\/tenuta-contabilita\/","title":{"rendered":"Tenuta contabilit\u00e0"},"content":{"rendered":"<p><img loading=\"lazy\" decoding=\"async\" class=\"alignnone size-medium wp-image-118\" src=\"http:\/\/www.studiozamboni.net\/wp-content\/uploads\/2017\/01\/fotolia_129093407-300x180.jpg\" alt=\"\" width=\"300\" height=\"180\" srcset=\"https:\/\/www.studiozamboni.net\/wp-content\/uploads\/2017\/01\/fotolia_129093407-300x180.jpg 300w, https:\/\/www.studiozamboni.net\/wp-content\/uploads\/2017\/01\/fotolia_129093407-768x461.jpg 768w, https:\/\/www.studiozamboni.net\/wp-content\/uploads\/2017\/01\/fotolia_129093407-1024x614.jpg 1024w, https:\/\/www.studiozamboni.net\/wp-content\/uploads\/2017\/01\/fotolia_129093407.jpg 2000w\" sizes=\"auto, (max-width: 300px) 100vw, 300px\" \/><\/p>\n<p style=\"text-align: justify;\">Lo Studio offre servizi di regolare tenuta della contabilit\u00e0 secondo i principi contabili nazionali o IAS\/IFRS<\/p>\n<p style=\"text-align: justify;\">Sono documentati e frequenti i casi in cui l&#8217;affidamento a terzi della propria contabilit\u00e0 pu\u00f2 portare notevoli vantaggi sia economici che strategici.<\/p>\n<p style=\"text-align: justify;\">Lo Studio \u00e8 in grado di gestire completamente o parzialmente la contabilit\u00e0 dei propri clienti sollevando gli stessi dall&#8217;incombenza di mantenere un ufficio contabile all&#8217;interno dell&#8217;azienda.<\/p>\n<p style=\"text-align: justify;\">La contabilit\u00e0 del cliente viene gestita nella massima riservatezza, con professionalit\u00e0 ed applicando le migliori practice internazionali per assicurare un servizio di qualit\u00e0.<\/p>\n<p style=\"text-align: justify;\">E&#8217; inoltre prevista una reportistica periodica che mantenga informato il management per tutti gli scopi condivisi con il cliente.<\/p>\n<p style=\"text-align: justify;\"><strong>SERVIZI OFFERTI<\/strong><\/p>\n<ul>\n<li style=\"text-align: justify;\">Regolare tenuta della contabilit\u00e0 analitica<\/li>\n<li style=\"text-align: justify;\">Regolate tenuta della contabilit\u00e0 clienti \/ fornitori<\/li>\n<li style=\"text-align: justify;\">Gestione incasso crediti: procedure di sollecito e recupero crediti<\/li>\n<li style=\"text-align: justify;\">Gestione integrale della contabilit\u00e0 e del controllo di gestione<\/li>\n<\/ul>\n","protected":false},"excerpt":{"rendered":"<p>Lo Studio offre servizi di regolare tenuta della contabilit\u00e0 secondo i principi contabili nazionali o IAS\/IFRS Sono documentati e frequenti i casi in cui l&#8217;affidamento a terzi della propria contabilit\u00e0 pu\u00f2 portare notevoli vantaggi sia economici che strategici. Lo Studio \u00e8 in grado di gestire completamente o parzialmente la contabilit\u00e0 dei propri clienti sollevando gli &hellip; <\/p>\n<p class=\"link-more\"><a href=\"https:\/\/www.studiozamboni.net\/index.php\/homepage\/servizi\/servizi-professionali\/tenuta-contabilita\/\" class=\"more-link\">Leggi tutto<span class=\"screen-reader-text\"> &#8220;Tenuta contabilit\u00e0&#8221;<\/span><\/a><\/p>\n","protected":false},"author":1,"featured_media":0,"parent":44,"menu_order":1,"comment_status":"closed","ping_status":"closed","template":"","meta":{"footnotes":""},"class_list":["post-52","page","type-page","status-publish","hentry"],"_links":{"self":[{"href":"https:\/\/www.studiozamboni.net\/index.php\/wp-json\/wp\/v2\/pages\/52","targetHints":{"allow":["GET"]}}],"collection":[{"href":"https:\/\/www.studiozamboni.net\/index.php\/wp-json\/wp\/v2\/pages"}],"about":[{"href":"https:\/\/www.studiozamboni.net\/index.php\/wp-json\/wp\/v2\/types\/page"}],"author":[{"embeddable":true,"href":"https:\/\/www.studiozamboni.net\/index.php\/wp-json\/wp\/v2\/users\/1"}],"replies":[{"embeddable":true,"href":"https:\/\/www.studiozamboni.net\/index.php\/wp-json\/wp\/v2\/comments?post=52"}],"version-history":[{"count":6,"href":"https:\/\/www.studiozamboni.net\/index.php\/wp-json\/wp\/v2\/pages\/52\/revisions"}],"predecessor-version":[{"id":325,"href":"https:\/\/www.studiozamboni.net\/index.php\/wp-json\/wp\/v2\/pages\/52\/revisions\/325"}],"up":[{"embeddable":true,"href":"https:\/\/www.studiozamboni.net\/index.php\/wp-json\/wp\/v2\/pages\/44"}],"wp:attachment":[{"href":"https:\/\/www.studiozamboni.net\/index.php\/wp-json\/wp\/v2\/media?parent=52"}],"curies":[{"name":"wp","href":"https:\/\/api.w.org\/{rel}","templated":true}]}}