{"id":62,"date":"2017-01-16T16:50:25","date_gmt":"2017-01-16T15:50:25","guid":{"rendered":"http:\/\/www.studiozamboni.net\/?page_id=62"},"modified":"2018-03-06T19:39:55","modified_gmt":"2018-03-06T18:39:55","slug":"due-diligences","status":"publish","type":"page","link":"https:\/\/www.studiozamboni.net\/index.php\/homepage\/servizi\/servizi-professionali\/due-diligences\/","title":{"rendered":"Due diligences"},"content":{"rendered":"<p><img loading=\"lazy\" decoding=\"async\" class=\"alignnone size-medium wp-image-126\" src=\"http:\/\/www.studiozamboni.net\/wp-content\/uploads\/2017\/01\/dosdonts-300x180.png\" alt=\"\" width=\"300\" height=\"180\" srcset=\"https:\/\/www.studiozamboni.net\/wp-content\/uploads\/2017\/01\/dosdonts-300x180.png 300w, https:\/\/www.studiozamboni.net\/wp-content\/uploads\/2017\/01\/dosdonts-768x461.png 768w, https:\/\/www.studiozamboni.net\/wp-content\/uploads\/2017\/01\/dosdonts-1024x614.png 1024w, https:\/\/www.studiozamboni.net\/wp-content\/uploads\/2017\/01\/dosdonts.png 2000w\" sizes=\"auto, (max-width: 300px) 100vw, 300px\" \/><\/p>\n<p style=\"text-align: justify;\">L&#8217;acquisizione o la vendita di societ\u00e0, quote di esse o di singoli rami d&#8217;azienda richiede una attenta valutazione al fine di ridurre il rischio correlato.<\/p>\n<p style=\"text-align: justify;\">Sia in caso di acquisizione, sia in caso di vendita di partecipazioni di societ\u00e0 o di una qualsiasi attivit\u00e0 o passivit\u00e0 aziendale, l&#8217;imprenditore deve procedere con una attenta valutazione della attivit\u00e0 e delle passivit\u00e0 palesi o latenti legate all&#8217;operazione.<\/p>\n<p style=\"text-align: justify;\">La <em>due diligence<\/em> \u00e8 un processo investigativo condotto con gli strumenti della revisione contabile e della consulenza strategica che ha l&#8217;obiettivo di produrre un report che presenti una visione sintetica dell&#8217;operazione al fine di individuare i rischi significativi ovvero tali da influire sulle decisioni e sulle valutazioni del cliente.<\/p>\n<p style=\"text-align: justify;\">E&#8217; importante non confondere il processo di <em>due diligence<\/em> con la semplice valutazione aziendale (o perizia aziendale). Nel processo di valutazione l&#8217;obiettivo \u00e8 quello di calcolare un valore complessivo delle\u00a0attivit\u00e0 e passivit\u00e0 oggetto di analisi, la\u00a0<em>due diligence<\/em>\u00a0ha invece l&#8217;obiettivo pi\u00f9 ampio di fornitore informazioni di tipo sia qualitativo che quantitativo raccogliendo anche dati esogeni alla realt\u00e0 oggetto di analisi.<\/p>\n<p style=\"text-align: justify;\"><strong>SERVIZI OFFERTI<\/strong><\/p>\n<ul>\n<li style=\"text-align: justify;\"><em>Vendor due diligence<\/em> &#8211; ovvero una <em>due diligence<\/em> commissionata dal cedente al fine di acquisire informazioni rilevanti nel processo di cessione e presentare nel modo pi\u00f9 adeguato l&#8217;operazione ai possibili acquirenti<\/li>\n<li style=\"text-align: justify;\"><em>Buyer due diligence<\/em> &#8211; ovvero una <em>due diligence<\/em> commissionata dal cessionario (acquirente) al fine di acquisire informazioni rilevanti sulle quali basare le proprie scelte e valutazioni.<\/li>\n<\/ul>\n","protected":false},"excerpt":{"rendered":"<p>L&#8217;acquisizione o la vendita di societ\u00e0, quote di esse o di singoli rami d&#8217;azienda richiede una attenta valutazione al fine di ridurre il rischio correlato. Sia in caso di acquisizione, sia in caso di vendita di partecipazioni di societ\u00e0 o di una qualsiasi attivit\u00e0 o passivit\u00e0 aziendale, l&#8217;imprenditore deve procedere con una attenta valutazione della &hellip; <\/p>\n<p class=\"link-more\"><a href=\"https:\/\/www.studiozamboni.net\/index.php\/homepage\/servizi\/servizi-professionali\/due-diligences\/\" class=\"more-link\">Leggi tutto<span class=\"screen-reader-text\"> &#8220;Due diligences&#8221;<\/span><\/a><\/p>\n","protected":false},"author":1,"featured_media":0,"parent":44,"menu_order":3,"comment_status":"closed","ping_status":"closed","template":"","meta":{"footnotes":""},"class_list":["post-62","page","type-page","status-publish","hentry"],"_links":{"self":[{"href":"https:\/\/www.studiozamboni.net\/index.php\/wp-json\/wp\/v2\/pages\/62","targetHints":{"allow":["GET"]}}],"collection":[{"href":"https:\/\/www.studiozamboni.net\/index.php\/wp-json\/wp\/v2\/pages"}],"about":[{"href":"https:\/\/www.studiozamboni.net\/index.php\/wp-json\/wp\/v2\/types\/page"}],"author":[{"embeddable":true,"href":"https:\/\/www.studiozamboni.net\/index.php\/wp-json\/wp\/v2\/users\/1"}],"replies":[{"embeddable":true,"href":"https:\/\/www.studiozamboni.net\/index.php\/wp-json\/wp\/v2\/comments?post=62"}],"version-history":[{"count":5,"href":"https:\/\/www.studiozamboni.net\/index.php\/wp-json\/wp\/v2\/pages\/62\/revisions"}],"predecessor-version":[{"id":327,"href":"https:\/\/www.studiozamboni.net\/index.php\/wp-json\/wp\/v2\/pages\/62\/revisions\/327"}],"up":[{"embeddable":true,"href":"https:\/\/www.studiozamboni.net\/index.php\/wp-json\/wp\/v2\/pages\/44"}],"wp:attachment":[{"href":"https:\/\/www.studiozamboni.net\/index.php\/wp-json\/wp\/v2\/media?parent=62"}],"curies":[{"name":"wp","href":"https:\/\/api.w.org\/{rel}","templated":true}]}}