{"id":72,"date":"2017-01-16T16:52:42","date_gmt":"2017-01-16T15:52:42","guid":{"rendered":"http:\/\/www.studiozamboni.net\/?page_id=72"},"modified":"2018-03-06T19:39:01","modified_gmt":"2018-03-06T18:39:01","slug":"consulenza-di-processo","status":"publish","type":"page","link":"https:\/\/www.studiozamboni.net\/index.php\/homepage\/servizi\/consulenza-operativa\/consulenza-di-processo\/","title":{"rendered":"Consulenza di processo"},"content":{"rendered":"<p><img loading=\"lazy\" decoding=\"async\" class=\"alignnone size-medium wp-image-322\" src=\"http:\/\/www.studiozamboni.net\/wp-content\/uploads\/2017\/01\/PROCESSO-300x200.jpg\" alt=\"\" width=\"300\" height=\"200\" srcset=\"https:\/\/www.studiozamboni.net\/wp-content\/uploads\/2017\/01\/PROCESSO-300x200.jpg 300w, https:\/\/www.studiozamboni.net\/wp-content\/uploads\/2017\/01\/PROCESSO-768x513.jpg 768w, https:\/\/www.studiozamboni.net\/wp-content\/uploads\/2017\/01\/PROCESSO-1024x684.jpg 1024w, https:\/\/www.studiozamboni.net\/wp-content\/uploads\/2017\/01\/PROCESSO.jpg 1630w\" sizes=\"auto, (max-width: 300px) 100vw, 300px\" \/><\/p>\n<p style=\"text-align: justify;\">La consulenza di processo rappresenta un elemento fondamentale dell&#8217;organizzazione aziendale.<\/p>\n<p style=\"text-align: justify;\">Strutturare correttamente i processi aziendali permette di organizzare al meglio le risorse per ottenere efficienza e risultati conformi alle attese.<\/p>\n<p style=\"text-align: justify;\">Lo scopo del disegno di processo \u00e8 quello di organizzare le attivit\u00e0 che vengono svolte quotidianamente in azienda in modo che siano gestite nel modo pi\u00f9 efficiente, che siano concluse nei tempi previsti e secondo le scadenze ottimali e in modo tale da minimizzare l&#8217;allocazione delle risorse.<\/p>\n<p style=\"text-align: justify;\">Ovviamente i processi non devono rappresentare un limite all&#8217;operativit\u00e0 aziendale per evitare che la loro funzione primaria venga snaturata. Per questo l&#8217;analisi e l&#8217;implementazione di processo deve essere accuratamente personalizzata alla realt\u00e0 aziendale di riferimento.<\/p>\n<p style=\"text-align: justify;\">Spesso si ritiene che i processi aziendali siano appannaggio esclusivo delle grandi realt\u00e0 e che solo grandi dimensioni aziendali permettano il mantenimento di una struttura adeguata al mantenimento dei processi aziendali. In realt\u00e0 anche in piccole e piccolissime realt\u00e0, la corretta implementazione dei processi pu\u00f2 portare numerosi vantaggi al fine di utilizzare al meglio le poche risorse disponibili.<\/p>\n<p style=\"text-align: justify;\"><strong>SERVIZI OFFERTI<\/strong><\/p>\n<ul>\n<li style=\"text-align: justify;\">Analisi personalizzata dell&#8217;operativit\u00e0 aziendale e individuazione dei punti di criticit\u00e0 (colli di bottiglia, carenza di comunicazione, duplicazione di mansioni&#8230;)<\/li>\n<li style=\"text-align: justify;\">Disegno e implementazione di processi adeguati alla struttura e alla configurazione aziendale.<\/li>\n<\/ul>\n","protected":false},"excerpt":{"rendered":"<p>La consulenza di processo rappresenta un elemento fondamentale dell&#8217;organizzazione aziendale. Strutturare correttamente i processi aziendali permette di organizzare al meglio le risorse per ottenere efficienza e risultati conformi alle attese. Lo scopo del disegno di processo \u00e8 quello di organizzare le attivit\u00e0 che vengono svolte quotidianamente in azienda in modo che siano gestite nel modo &hellip; <\/p>\n<p class=\"link-more\"><a href=\"https:\/\/www.studiozamboni.net\/index.php\/homepage\/servizi\/consulenza-operativa\/consulenza-di-processo\/\" class=\"more-link\">Leggi tutto<span class=\"screen-reader-text\"> &#8220;Consulenza di processo&#8221;<\/span><\/a><\/p>\n","protected":false},"author":1,"featured_media":0,"parent":58,"menu_order":4,"comment_status":"closed","ping_status":"closed","template":"","meta":{"footnotes":""},"class_list":["post-72","page","type-page","status-publish","hentry"],"_links":{"self":[{"href":"https:\/\/www.studiozamboni.net\/index.php\/wp-json\/wp\/v2\/pages\/72","targetHints":{"allow":["GET"]}}],"collection":[{"href":"https:\/\/www.studiozamboni.net\/index.php\/wp-json\/wp\/v2\/pages"}],"about":[{"href":"https:\/\/www.studiozamboni.net\/index.php\/wp-json\/wp\/v2\/types\/page"}],"author":[{"embeddable":true,"href":"https:\/\/www.studiozamboni.net\/index.php\/wp-json\/wp\/v2\/users\/1"}],"replies":[{"embeddable":true,"href":"https:\/\/www.studiozamboni.net\/index.php\/wp-json\/wp\/v2\/comments?post=72"}],"version-history":[{"count":4,"href":"https:\/\/www.studiozamboni.net\/index.php\/wp-json\/wp\/v2\/pages\/72\/revisions"}],"predecessor-version":[{"id":324,"href":"https:\/\/www.studiozamboni.net\/index.php\/wp-json\/wp\/v2\/pages\/72\/revisions\/324"}],"up":[{"embeddable":true,"href":"https:\/\/www.studiozamboni.net\/index.php\/wp-json\/wp\/v2\/pages\/58"}],"wp:attachment":[{"href":"https:\/\/www.studiozamboni.net\/index.php\/wp-json\/wp\/v2\/media?parent=72"}],"curies":[{"name":"wp","href":"https:\/\/api.w.org\/{rel}","templated":true}]}}